{"id":24358,"date":"2026-01-22T08:07:14","date_gmt":"2026-01-22T08:07:14","guid":{"rendered":"https:\/\/vestidos.multiplikate.com\/?page_id=24358"},"modified":"2026-01-26T09:36:04","modified_gmt":"2026-01-26T09:36:04","slug":"quienes-somos","status":"publish","type":"page","link":"https:\/\/mystrass.es\/?page_id=24358","title":{"rendered":"Quienes Somos"},"content":{"rendered":"<p>[et_pb_section fb_built=\u00bb1&#8243; custom_padding_last_edited=\u00bbon|tablet\u00bb _builder_version=\u00bb4.27.4&#8243; _module_preset=\u00bbdefault\u00bb background_color=\u00bbrgba(0,0,0,0.2)\u00bb background_image=\u00bbhttps:\/\/mystrass.es\/wp-content\/uploads\/2026\/01\/Vestido-2.png\u00bb background_blend=\u00bbdarken\u00bb background_enable_video_mp4=\u00bboff\u00bb custom_margin=\u00bb0px||0px||false|false\u00bb custom_padding=\u00bb79px||79px||true|false\u00bb custom_padding_tablet=\u00bb120px||||false|false\u00bb custom_padding_phone=\u00bb100px||100px||true|false\u00bb animation_style=\u00bbfade\u00bb animation_speed_curve=\u00bbease\u00bb background_last_edited=\u00bbon|desktop\u00bb use_background_color_gradient_phone=\u00bboff\u00bb background_video_width_phone=\u00bb3000&#8243; background_video_height_phone=\u00bb3000&#8243; allow_player_pause_phone=\u00bboff\u00bb global_colors_info=\u00bb{}\u00bb][et_pb_row use_custom_gutter=\u00bbon\u00bb gutter_width=\u00bb1&#8243; _builder_version=\u00bb4.27.4&#8243; _module_preset=\u00bbdefault\u00bb background_enable_color=\u00bboff\u00bb width=\u00bb75%\u00bb width_tablet=\u00bb75%\u00bb width_phone=\u00bb85%\u00bb width_last_edited=\u00bbon|phone\u00bb max_width=\u00bb2560px\u00bb custom_margin=\u00bb1px||1px||true|false\u00bb custom_padding=\u00bb14px|25px|14px|25px|true|true\u00bb animation_style=\u00bbzoom\u00bb global_colors_info=\u00bb{}\u00bb][et_pb_column type=\u00bb4_4&#8243; _builder_version=\u00bb4.23.1&#8243; _module_preset=\u00bbdefault\u00bb global_colors_info=\u00bb{}\u00bb][et_pb_text module_class=\u00bbclinic-12-sc1-h1&#8243; _builder_version=\u00bb4.27.4&#8243; _module_preset=\u00bbdefault\u00bb header_font=\u00bbMontserrat|600||on|||||\u00bb header_text_align=\u00bbcenter\u00bb header_text_color=\u00bb#FFFFFF\u00bb header_font_size=\u00bb53px\u00bb custom_margin=\u00bb47px||47px|0px|true|false\u00bb custom_margin_tablet=\u00bb0px|0px|10px|0px|false|false\u00bb custom_margin_phone=\u00bb0px|0px|0px|0px|false|false\u00bb custom_margin_last_edited=\u00bbon|tablet\u00bb custom_padding=\u00bb0px||0px||false|false\u00bb header_font_size_tablet=\u00bb72px\u00bb header_font_size_phone=\u00bb20px\u00bb header_font_size_last_edited=\u00bbon|tablet\u00bb header_line_height_tablet=\u00bb\u00bb header_line_height_phone=\u00bb1.2em\u00bb header_line_height_last_edited=\u00bbon|phone\u00bb header_text_shadow_style=\u00bbpreset2&#8243; header_text_shadow_color=\u00bb#000000&#8243; global_colors_info=\u00bb{}\u00bb]<\/p>\n<h1>CON\u00d3CENOS Y DESCUBRE LO \u00daNICO DE NUESTROS VESTIDOS<\/h1>\n<p>[\/et_pb_text][et_pb_image src=\u00bbhttps:\/\/mystrass.es\/wp-content\/uploads\/2025\/05\/clinic-12-awh-32.png\u00bb disabled_on=\u00bbon|on|off\u00bb _builder_version=\u00bb4.23.1&#8243; _module_preset=\u00bbdefault\u00bb transform_rotate=\u00bb0deg|0deg|20deg\u00bb positioning=\u00bbabsolute\u00bb position_origin_a=\u00bbtop_right\u00bb vertical_offset=\u00bb307px\u00bb horizontal_offset=\u00bb-86px\u00bb max_width=\u00bb41px\u00bb custom_margin=\u00bb0px||0px||false|false\u00bb custom_padding=\u00bb0px||0px||false|false\u00bb global_colors_info=\u00bb{}\u00bb][\/et_pb_image][\/et_pb_column][\/et_pb_row][\/et_pb_section][et_pb_section fb_built=\u00bb1&#8243; custom_padding_last_edited=\u00bbon|phone\u00bb _builder_version=\u00bb4.27.4&#8243; _module_preset=\u00bbdefault\u00bb background_image=\u00bbhttps:\/\/mystrass.es\/wp-content\/uploads\/2025\/05\/clinic-12-awh-29.png\u00bb background_size=\u00bbinitial\u00bb background_position=\u00bbbottom_right\u00bb custom_margin=\u00bb0px||0px||false|false\u00bb custom_padding=\u00bb50px||60px||false|false\u00bb custom_padding_tablet=\u00bb120px||120px||false|false\u00bb custom_padding_phone=\u00bb30px||30px||true|false\u00bb background_last_edited=\u00bbon|tablet\u00bb background_enable_image_tablet=\u00bboff\u00bb global_colors_info=\u00bb{}\u00bb][et_pb_row column_structure=\u00bb1_2,1_2&#8243; use_custom_gutter=\u00bbon\u00bb gutter_width=\u00bb1&#8243; make_equal=\u00bbon\u00bb module_class=\u00bbclinic-12-inlbtn-sc\u00bb _builder_version=\u00bb4.27.4&#8243; _module_preset=\u00bbdefault\u00bb width=\u00bb90%\u00bb max_width=\u00bb1320px\u00bb custom_margin=\u00bb0px||0px||false|false\u00bb custom_padding=\u00bb0px||0px||false|false\u00bb animation_style=\u00bbzoom\u00bb global_colors_info=\u00bb{}\u00bb][et_pb_column type=\u00bb1_2&#8243; _builder_version=\u00bb4.27.4&#8243; _module_preset=\u00bbdefault\u00bb custom_padding=\u00bb|15px|||false|false\u00bb custom_padding_tablet=\u00bb|0px|||false|false\u00bb custom_padding_phone=\u00bb|0px|||false|false\u00bb custom_padding_last_edited=\u00bbon|tablet\u00bb global_colors_info=\u00bb{}\u00bb][et_pb_image src=\u00bbhttps:\/\/mystrass.es\/wp-content\/uploads\/2025\/05\/clinic-12-awh-27.png\u00bb _builder_version=\u00bb4.23.1&#8243; _module_preset=\u00bbdefault\u00bb max_width=\u00bb122px\u00bb custom_margin=\u00bb0px||0px||false|false\u00bb custom_padding=\u00bb0px||0px||false|false\u00bb global_colors_info=\u00bb{}\u00bb][\/et_pb_image][et_pb_image src=\u00bbhttps:\/\/mystrass.es\/wp-content\/uploads\/2026\/01\/cropped-Logo.png\u00bb title_text=\u00bbcropped-Logo.png\u00bb align=\u00bbcenter\u00bb _builder_version=\u00bb4.27.4&#8243; _module_preset=\u00bbdefault\u00bb width=\u00bb60%\u00bb max_width=\u00bb510px\u00bb max_width_tablet=\u00bb510px\u00bb max_width_phone=\u00bb80%\u00bb max_width_last_edited=\u00bbon|tablet\u00bb module_alignment=\u00bbcenter\u00bb custom_margin=\u00bb-81px||0px||false|false\u00bb custom_padding=\u00bb0px||0px||false|false\u00bb hover_enabled=\u00bb0&#8243; border_width_all=\u00bb13px\u00bb border_color_all=\u00bb#d4af37&#8243; box_shadow_style=\u00bbpreset2&#8243; global_colors_info=\u00bb{}\u00bb custom_css_before_last_edited=\u00bbon|phone\u00bb custom_css_before_phone=\u00bbdisplay:none;\u00bb custom_css_before_tablet=\u00bbcontent:%22%22;||position: absolute;||    width: 360px;||    height: 496px;||    border: 10px solid #f7c8b1;||    bottom: -20px;||    z-index: -1;||    right: -31px;\u00bb sticky_enabled=\u00bb0&#8243;][\/et_pb_image][\/et_pb_column][et_pb_column type=\u00bb1_2&#8243; _builder_version=\u00bb4.27.4&#8243; _module_preset=\u00bbdefault\u00bb custom_padding=\u00bb|||50px|false|false\u00bb custom_padding_tablet=\u00bb60px|||0px|false|false\u00bb custom_padding_phone=\u00bb55px|||0px|false|false\u00bb custom_padding_last_edited=\u00bbon|tablet\u00bb animation_style=\u00bbslide\u00bb animation_direction=\u00bbbottom\u00bb animation_intensity_slide=\u00bb3%\u00bb animation_speed_curve=\u00bbease\u00bb custom_css_main_element=\u00bbmargin:auto;\u00bb global_colors_info=\u00bb{}\u00bb][et_pb_text _builder_version=\u00bb4.27.4&#8243; _module_preset=\u00bbdefault\u00bb text_font=\u00bbMontserrat|700||on|||||\u00bb text_text_color=\u00bb#d4af37&#8243; custom_margin=\u00bb0px||5px||false|false\u00bb custom_padding=\u00bb0px||0px||false|false\u00bb custom_css_main_element=\u00bbdisplay:inline-block;\u00bb custom_css_after=\u00bbdisplay: block;||    content: %22%22;||    position: absolute;||    width: 50px;||    height: 1px;||    right: -61px;||    top: 7px;||\t\tbackground-color: #D4AF37;\u00bb global_colors_info=\u00bb{}\u00bb]<\/p>\n<p>MY STRASS<\/p>\n<p>[\/et_pb_text][et_pb_text _builder_version=\u00bb4.27.4&#8243; _module_preset=\u00bbdefault\u00bb header_2_font=\u00bbMontserrat|600||on|||||\u00bb header_2_text_align=\u00bbleft\u00bb header_2_text_color=\u00bb#161616&#8243; header_2_font_size=\u00bb35px\u00bb header_2_line_height=\u00bb1.2em\u00bb custom_margin=\u00bb0px||22px||false|false\u00bb custom_margin_tablet=\u00bb0px||22px||false|false\u00bb custom_margin_phone=\u00bb0px||15px||false|false\u00bb custom_margin_last_edited=\u00bbon|phone\u00bb custom_padding=\u00bb0px||0px||false|false\u00bb header_2_font_size_tablet=\u00bb56px\u00bb header_2_font_size_phone=\u00bb30px\u00bb header_2_font_size_last_edited=\u00bbon|phone\u00bb global_colors_info=\u00bb{}\u00bb]<\/p>\n<h2 style=\"text-align: left;\">Sobre nosotros\u00a0<\/h2>\n<p>[\/et_pb_text][et_pb_text _builder_version=\u00bb4.27.4&#8243; _module_preset=\u00bbdefault\u00bb text_font=\u00bbPlus Jakarta Sans||||||||\u00bb text_text_color=\u00bb#555555&#8243; text_font_size=\u00bb17px\u00bb text_line_height=\u00bb1.6em\u00bb custom_margin=\u00bb0px||11px||false|false\u00bb custom_padding=\u00bb0px||0px||false|false\u00bb global_colors_info=\u00bb{}\u00bb]<\/p>\n<p data-start=\"488\" data-end=\"829\" style=\"text-align: justify;\">My Strass es una tienda especializada en <strong data-start=\"529\" data-end=\"550\">vestidos de baile<\/strong>, enfocada en ofrecer prendas que combinan <strong data-start=\"593\" data-end=\"647\">dise\u00f1o, comodidad y funcionalidad real en la pista<\/strong>. Nuestro trabajo se basa en una selecci\u00f3n cuidada de <strong data-start=\"701\" data-end=\"720\">vestidos \u00fanicos<\/strong>, confeccionados a mano y pensados para responder a las exigencias del baile en actuaciones y eventos reales.<\/p>\n<p data-start=\"831\" data-end=\"1136\" style=\"text-align: justify;\">Cada modelo ha sido dise\u00f1ado con un objetivo claro: <strong data-start=\"883\" data-end=\"958\">permitir libertad de movimiento, seguridad y comodidad durante el baile<\/strong>, sin renunciar al estilo ni al impacto visual. Por ello, trabajamos con <strong data-start=\"1031\" data-end=\"1055\">materiales duraderos<\/strong>, acabados resistentes y cortes estudiados para adaptarse al movimiento continuo.<\/p>\n<p>[\/et_pb_text][et_pb_code admin_label=\u00bbblurm img border fix\u00bb _builder_version=\u00bb4.23.1&#8243; _module_preset=\u00bbdefault\u00bb custom_margin=\u00bb0px||14px||false|false\u00bb custom_padding=\u00bb0px||0px||false|false\u00bb global_colors_info=\u00bb{}\u00bb][\/et_pb_code][et_pb_code admin_label=\u00bbinline-button code\u00bb _builder_version=\u00bb4.23.1&#8243; _module_preset=\u00bbdefault\u00bb custom_margin=\u00bb0px||0px||false|false\u00bb custom_padding=\u00bb0px||0px||false|false\u00bb global_colors_info=\u00bb{}\u00bb]<\/p>\n<style><!-- [et_pb_line_break_holder] -->  .clinic-12-inlbtn-sc<!-- [et_pb_line_break_holder] -->.et_pb_button_module_wrapper {<!-- [et_pb_line_break_holder] -->display: inline-block;<!-- [et_pb_line_break_holder] --><!-- [et_pb_line_break_holder] -->}<!-- [et_pb_line_break_holder] --><!-- [et_pb_line_break_holder] --><\/style>\n<p>[\/et_pb_code][\/et_pb_column][\/et_pb_row][et_pb_row column_structure=\u00bb1_2,1_2&#8243; use_custom_gutter=\u00bbon\u00bb gutter_width=\u00bb1&#8243; make_equal=\u00bbon\u00bb custom_padding_last_edited=\u00bbon|phone\u00bb module_class=\u00bbclinic-12-inlbtn-sc\u00bb _builder_version=\u00bb4.27.4&#8243; _module_preset=\u00bbdefault\u00bb width=\u00bb90%\u00bb max_width=\u00bb1320px\u00bb custom_margin=\u00bb0px||0px||false|false\u00bb custom_padding=\u00bb17px||0px||false|false\u00bb custom_padding_tablet=\u00bb17px||0px||false|false\u00bb custom_padding_phone=\u00bb0px||0px||false|false\u00bb animation_style=\u00bbzoom\u00bb global_colors_info=\u00bb{}\u00bb][et_pb_column type=\u00bb1_2&#8243; _builder_version=\u00bb4.27.4&#8243; _module_preset=\u00bbdefault\u00bb custom_padding=\u00bb|||50px|false|false\u00bb custom_padding_tablet=\u00bb60px|||0px|false|false\u00bb custom_padding_phone=\u00bb55px|||0px|false|false\u00bb custom_padding_last_edited=\u00bbon|tablet\u00bb animation_style=\u00bbslide\u00bb animation_direction=\u00bbbottom\u00bb animation_intensity_slide=\u00bb3%\u00bb animation_speed_curve=\u00bbease\u00bb custom_css_main_element=\u00bbmargin:auto;\u00bb global_colors_info=\u00bb{}\u00bb][et_pb_text _builder_version=\u00bb4.27.4&#8243; _module_preset=\u00bbdefault\u00bb text_font=\u00bbPlus Jakarta Sans||||||||\u00bb text_text_color=\u00bb#555555&#8243; text_font_size=\u00bb17px\u00bb text_line_height=\u00bb1.6em\u00bb custom_margin=\u00bb0px||11px||false|false\u00bb custom_margin_tablet=\u00bb0px||11px||false|false\u00bb custom_margin_phone=\u00bb-50px||11px||false|false\u00bb custom_margin_last_edited=\u00bbon|phone\u00bb custom_padding=\u00bb0px||0px||false|false\u00bb global_colors_info=\u00bb{}\u00bb]<\/p>\n<p data-start=\"1138\" data-end=\"1416\" style=\"text-align: justify;\">No trabajamos con producci\u00f3n en serie ni repetimos dise\u00f1os. Cada vestido forma parte de una <strong data-start=\"1230\" data-end=\"1252\">selecci\u00f3n limitada<\/strong>, pensada para bailarinas que buscan una prenda especial, bien construida y diferente, adecuada para distintos estilos de salsa y niveles de intensidad en la pista.<\/p>\n<p data-start=\"1418\" data-end=\"1674\" style=\"text-align: justify;\">En My Strass seleccionamos cada vestido con criterio profesional, priorizando la <strong data-start=\"1499\" data-end=\"1540\">calidad, el ajuste y la funcionalidad<\/strong>, para que cada clienta pueda disfrutar del baile con confianza, comodidad y una prenda preparada para acompa\u00f1arla en cada movimiento.<\/p>\n<p>[\/et_pb_text][et_pb_code admin_label=\u00bbblurm img border fix\u00bb _builder_version=\u00bb4.23.1&#8243; _module_preset=\u00bbdefault\u00bb custom_margin=\u00bb0px||14px||false|false\u00bb custom_padding=\u00bb0px||0px||false|false\u00bb global_colors_info=\u00bb{}\u00bb][\/et_pb_code][et_pb_code admin_label=\u00bbinline-button code\u00bb _builder_version=\u00bb4.23.1&#8243; _module_preset=\u00bbdefault\u00bb custom_margin=\u00bb0px||0px||false|false\u00bb custom_padding=\u00bb0px||0px||false|false\u00bb global_colors_info=\u00bb{}\u00bb]<\/p>\n<style><!-- [et_pb_line_break_holder] -->  .clinic-12-inlbtn-sc<!-- [et_pb_line_break_holder] -->.et_pb_button_module_wrapper {<!-- [et_pb_line_break_holder] -->display: inline-block;<!-- [et_pb_line_break_holder] --><!-- [et_pb_line_break_holder] -->}<!-- [et_pb_line_break_holder] --><!-- [et_pb_line_break_holder] --><\/style>\n<p>[\/et_pb_code][\/et_pb_column][et_pb_column type=\u00bb1_2&#8243; _builder_version=\u00bb4.27.4&#8243; _module_preset=\u00bbdefault\u00bb custom_padding=\u00bb|15px|||false|false\u00bb custom_padding_tablet=\u00bb|0px|||false|false\u00bb custom_padding_phone=\u00bb|0px|||false|false\u00bb custom_padding_last_edited=\u00bbon|tablet\u00bb global_colors_info=\u00bb{}\u00bb][et_pb_image src=\u00bbhttps:\/\/mystrass.es\/wp-content\/uploads\/2026\/01\/Vestido-3.png\u00bb title_text=\u00bbVestido 3&#8243; align=\u00bbcenter\u00bb _builder_version=\u00bb4.27.4&#8243; _module_preset=\u00bbdefault\u00bb width=\u00bb60%\u00bb max_width=\u00bb510px\u00bb max_width_tablet=\u00bb510px\u00bb max_width_phone=\u00bb80%\u00bb max_width_last_edited=\u00bbon|tablet\u00bb module_alignment=\u00bbcenter\u00bb custom_margin=\u00bb21px||0px||false|false\u00bb custom_padding=\u00bb0px||0px||false|false\u00bb border_width_all=\u00bb13px\u00bb border_color_all=\u00bb#7c1f8a\u00bb box_shadow_style=\u00bbpreset2&#8243; global_colors_info=\u00bb{}\u00bb custom_css_before_last_edited=\u00bbon|phone\u00bb custom_css_before_phone=\u00bbdisplay:none;\u00bb custom_css_before_tablet=\u00bbcontent:%22%22;||position: absolute;||    width: 360px;||    height: 496px;||    border: 10px solid #f7c8b1;||    bottom: -20px;||    z-index: -1;||    right: -31px;\u00bb][\/et_pb_image][\/et_pb_column][\/et_pb_row][\/et_pb_section]<\/p>\n","protected":false},"excerpt":{"rendered":"<p>CON\u00d3CENOS Y DESCUBRE LO \u00daNICO DE NUESTROS VESTIDOSMY STRASSSobre nosotros\u00a0My Strass es una tienda especializada en vestidos de baile, enfocada en ofrecer prendas que combinan dise\u00f1o, comodidad y funcionalidad real en la pista. Nuestro trabajo se basa en una selecci\u00f3n cuidada de vestidos \u00fanicos, confeccionados a mano y pensados para responder a las exigencias del [&hellip;]<\/p>\n","protected":false},"author":1,"featured_media":0,"parent":0,"menu_order":0,"comment_status":"closed","ping_status":"closed","template":"","meta":{"_et_pb_use_builder":"on","_et_pb_old_content":"","_et_gb_content_width":"","footnotes":""},"class_list":["post-24358","page","type-page","status-publish","hentry"],"_links":{"self":[{"href":"https:\/\/mystrass.es\/index.php?rest_route=\/wp\/v2\/pages\/24358","targetHints":{"allow":["GET"]}}],"collection":[{"href":"https:\/\/mystrass.es\/index.php?rest_route=\/wp\/v2\/pages"}],"about":[{"href":"https:\/\/mystrass.es\/index.php?rest_route=\/wp\/v2\/types\/page"}],"author":[{"embeddable":true,"href":"https:\/\/mystrass.es\/index.php?rest_route=\/wp\/v2\/users\/1"}],"replies":[{"embeddable":true,"href":"https:\/\/mystrass.es\/index.php?rest_route=%2Fwp%2Fv2%2Fcomments&post=24358"}],"version-history":[{"count":9,"href":"https:\/\/mystrass.es\/index.php?rest_route=\/wp\/v2\/pages\/24358\/revisions"}],"predecessor-version":[{"id":24432,"href":"https:\/\/mystrass.es\/index.php?rest_route=\/wp\/v2\/pages\/24358\/revisions\/24432"}],"wp:attachment":[{"href":"https:\/\/mystrass.es\/index.php?rest_route=%2Fwp%2Fv2%2Fmedia&parent=24358"}],"curies":[{"name":"wp","href":"https:\/\/api.w.org\/{rel}","templated":true}]}}